{"id":285,"date":"2019-10-09T21:02:02","date_gmt":"2019-10-09T21:02:02","guid":{"rendered":"http:\/\/www.glaendalecameron.de\/?page_id=285"},"modified":"2023-01-12T06:00:21","modified_gmt":"2023-01-12T05:00:21","slug":"startseite","status":"publish","type":"page","link":"https:\/\/www.glaendalecameron.de\/en\/","title":{"rendered":"German Champion Glaendale Cameron"},"content":{"rendered":"<p><\/p>\n\n\n\n<figure class=\"wp-block-image size-large\"><img fetchpriority=\"high\" decoding=\"async\" width=\"1024\" height=\"683\" src=\"https:\/\/www.glaendalecameron.de\/wp-content\/uploads\/2019\/10\/sielaff-foto4-1024x683.jpg\" alt=\"\" class=\"wp-image-266\" srcset=\"https:\/\/www.glaendalecameron.de\/wp-content\/uploads\/2019\/10\/sielaff-foto4-1024x683.jpg 1024w, https:\/\/www.glaendalecameron.de\/wp-content\/uploads\/2019\/10\/sielaff-foto4-300x200.jpg 300w, https:\/\/www.glaendalecameron.de\/wp-content\/uploads\/2019\/10\/sielaff-foto4-768x512.jpg 768w, https:\/\/www.glaendalecameron.de\/wp-content\/uploads\/2019\/10\/sielaff-foto4-1140x760.jpg 1140w, https:\/\/www.glaendalecameron.de\/wp-content\/uploads\/2019\/10\/sielaff-foto4.jpg 1300w\" sizes=\"(max-width: 1024px) 100vw, 1024px\" \/><figcaption class=\"wp-element-caption\"><em> Annual Trophy Winner 2019, Winner Hannover 2019 , Youth Winner Rostock 2018 , Best Junior Dog Nationale Bremen 2018  <\/em><\/figcaption><\/figure>\n\n\n\n<div class=\"wp-block-columns has-2-columns is-layout-flex wp-container-3\">\n<div class=\"wp-block-column is-layout-flow\">\n<figure class=\"wp-block-image is-resized\"><a href=\"https:\/\/www.cfbrh.de\/\"><img decoding=\"async\" src=\"https:\/\/www.glaendalecameron.de\/wp-content\/uploads\/2019\/10\/cfbrh-1.gif\" alt=\"\" class=\"wp-image-480\" width=\"155\" height=\"155\"\/><\/a><figcaption class=\"wp-element-caption\">&nbsp;  <\/figcaption><\/figure>\n<\/div>\n\n\n\n<div class=\"wp-block-column is-layout-flow\">\n<p class=\"has-text-align-left\">We are a member of the Club f\u00fcr Britische H\u00fctehunde, which is affiliated to the VDH (Verband f\u00fcr das Deutsche Hundewesen) and the FCI (F\u00e9d\u00e9ration Cynologique Internationale).<br><\/p>\n<\/div>\n<\/div>\n\n\n<div class=\"wp-block-image\">\n<figure class=\"alignleft is-resized\"><a href=\"http:\/\/www.fci.be\/de\/\"><img decoding=\"async\" src=\"https:\/\/www.glaendalecameron.de\/wp-content\/uploads\/2019\/10\/fci-1-1024x1024.png\" alt=\"\" class=\"wp-image-481\" width=\"102\" height=\"102\" srcset=\"https:\/\/www.glaendalecameron.de\/wp-content\/uploads\/2019\/10\/fci-1-1024x1024.png 1024w, https:\/\/www.glaendalecameron.de\/wp-content\/uploads\/2019\/10\/fci-1-150x150.png 150w, https:\/\/www.glaendalecameron.de\/wp-content\/uploads\/2019\/10\/fci-1-300x300.png 300w, https:\/\/www.glaendalecameron.de\/wp-content\/uploads\/2019\/10\/fci-1-768x768.png 768w, https:\/\/www.glaendalecameron.de\/wp-content\/uploads\/2019\/10\/fci-1-1140x1140.png 1140w, https:\/\/www.glaendalecameron.de\/wp-content\/uploads\/2019\/10\/fci-1-75x75.png 75w, https:\/\/www.glaendalecameron.de\/wp-content\/uploads\/2019\/10\/fci-1.png 2000w\" sizes=\"(max-width: 102px) 100vw, 102px\" \/><\/a><\/figure><\/div>\n\n\n<figure class=\"wp-block-image is-resized\"><a href=\"https:\/\/www.vdh.de\/\"><img loading=\"lazy\" decoding=\"async\" src=\"https:\/\/www.glaendalecameron.de\/wp-content\/uploads\/2019\/10\/2000px-VDH_Logo.svg_-1024x585.png\" alt=\"\" class=\"wp-image-479\" width=\"157\" height=\"90\" srcset=\"https:\/\/www.glaendalecameron.de\/wp-content\/uploads\/2019\/10\/2000px-VDH_Logo.svg_-1024x585.png 1024w, https:\/\/www.glaendalecameron.de\/wp-content\/uploads\/2019\/10\/2000px-VDH_Logo.svg_-300x171.png 300w, https:\/\/www.glaendalecameron.de\/wp-content\/uploads\/2019\/10\/2000px-VDH_Logo.svg_-768x439.png 768w, https:\/\/www.glaendalecameron.de\/wp-content\/uploads\/2019\/10\/2000px-VDH_Logo.svg_-1140x652.png 1140w, https:\/\/www.glaendalecameron.de\/wp-content\/uploads\/2019\/10\/2000px-VDH_Logo.svg_.png 2000w\" sizes=\"(max-width: 157px) 100vw, 157px\" \/><\/a><\/figure>","protected":false},"excerpt":{"rendered":"<p>We are a member of the Club f\u00fcr Britische H\u00fctehunde, which is affiliated to the VDH (Verband f\u00fcr das Deutsche Hundewesen) and the FCI (F\u00e9d\u00e9ration Cynologique Internationale).<\/p>","protected":false},"author":1,"featured_media":0,"parent":0,"menu_order":0,"comment_status":"closed","ping_status":"closed","template":"","meta":{"ngg_post_thumbnail":0,"pgc_sgb_lightbox_settings":""},"_links":{"self":[{"href":"https:\/\/www.glaendalecameron.de\/en\/wp-json\/wp\/v2\/pages\/285"}],"collection":[{"href":"https:\/\/www.glaendalecameron.de\/en\/wp-json\/wp\/v2\/pages"}],"about":[{"href":"https:\/\/www.glaendalecameron.de\/en\/wp-json\/wp\/v2\/types\/page"}],"author":[{"embeddable":true,"href":"https:\/\/www.glaendalecameron.de\/en\/wp-json\/wp\/v2\/users\/1"}],"replies":[{"embeddable":true,"href":"https:\/\/www.glaendalecameron.de\/en\/wp-json\/wp\/v2\/comments?post=285"}],"version-history":[{"count":22,"href":"https:\/\/www.glaendalecameron.de\/en\/wp-json\/wp\/v2\/pages\/285\/revisions"}],"predecessor-version":[{"id":5987,"href":"https:\/\/www.glaendalecameron.de\/en\/wp-json\/wp\/v2\/pages\/285\/revisions\/5987"}],"wp:attachment":[{"href":"https:\/\/www.glaendalecameron.de\/en\/wp-json\/wp\/v2\/media?parent=285"}],"curies":[{"name":"wp","href":"https:\/\/api.w.org\/{rel}","templated":true}]}}